{"id":2784,"date":"2023-10-09T07:54:28","date_gmt":"2023-10-09T07:54:28","guid":{"rendered":"https:\/\/themeholy.com\/wordpress\/konta\/?page_id=2784"},"modified":"2024-06-08T19:56:02","modified_gmt":"2024-06-08T17:56:02","slug":"about-us","status":"publish","type":"page","link":"https:\/\/atlantis-interim.com\/index.php\/about-us\/","title":{"rendered":"AGENCE INTERIM ROUMANIE"},"content":{"rendered":"\t\t<div data-elementor-type=\"wp-page\" data-elementor-id=\"2784\" class=\"elementor elementor-2784\">\n\t\t\t\t\r\n\t\t<section class=\"elementor-section elementor-top-section elementor-element elementor-element-a7c31c3 elementor-section-full_width elementor-section-height-default elementor-section-height-default\" data-id=\"a7c31c3\" data-element_type=\"section\" data-e-type=\"section\" data-settings=\"{&quot;background_background&quot;:&quot;classic&quot;}\">\n\t\t\t\t\t\t<div class=\"elementor-container elementor-column-gap-no\">\n\t\t\t\t\t<div class=\"elementor-column elementor-col-100 elementor-top-column elementor-element elementor-element-bc0bd27\" data-id=\"bc0bd27\" data-element_type=\"column\" data-e-type=\"column\">\n\t\t\t<div class=\"elementor-widget-wrap elementor-element-populated\">\n\t\t\t\t\t\t<section class=\"elementor-section elementor-inner-section elementor-element elementor-element-2a3f745 elementor-section-boxed elementor-section-height-default elementor-section-height-default\" data-id=\"2a3f745\" data-element_type=\"section\" data-e-type=\"section\">\n\t\t\t\t\t\t<div class=\"elementor-container elementor-column-gap-no\">\n\t\t\t\t\t<div class=\"elementor-column elementor-col-50 elementor-inner-column elementor-element elementor-element-095a510\" data-id=\"095a510\" data-element_type=\"column\" data-e-type=\"column\">\n\t\t\t<div class=\"elementor-widget-wrap elementor-element-populated\">\n\t\t\t\t\t\t<div class=\"elementor-element elementor-element-ca9850f elementor-widget elementor-widget-kontagroupimage\" data-id=\"ca9850f\" data-element_type=\"widget\" data-e-type=\"widget\" data-widget_type=\"kontagroupimage.default\">\n\t\t\t\t<div class=\"elementor-widget-container\">\n\t\t\t\t\t<div class=\"img-box1\"><div class=\"img1\"><img decoding=\"async\" src=\"https:\/\/themeholy.com\/wordpress\/konta\/wp-content\/uploads\/2023\/09\/about_1_1.png\" alt=\"about_1_1\"  class=\"tilt-active\" \/><\/div><div class=\"about-grid\"><h3 class=\"about-grid_year\"><span class=\"counter-number\">5<\/span>+<\/h3><p class=\"about-grid_text\">Ann\u00e9es d'exp\u00e9riences dans l'Int\u00e9rim<\/p><\/div><div class=\"img2\"><img decoding=\"async\" src=\"https:\/\/themeholy.com\/wordpress\/konta\/wp-content\/uploads\/2023\/09\/about_1_2.png\" alt=\"about_1_2\"  class=\"tilt-active\" \/><\/div><div class=\"shape-mockup about-shape1 jump\" data-left=\"-67px\" data-bottom=\"0\"><img decoding=\"async\" src=\"https:\/\/themeholy.com\/wordpress\/konta\/wp-content\/uploads\/2023\/09\/about_1_shape1.png\" alt=\"about_1_shape1\"  \/><\/div><\/div>\t\t\t\t<\/div>\n\t\t\t\t<\/div>\n\t\t\t\t\t<\/div>\n\t\t<\/div>\n\t\t\t\t<div class=\"elementor-column elementor-col-50 elementor-inner-column elementor-element elementor-element-4714f0e\" data-id=\"4714f0e\" data-element_type=\"column\" data-e-type=\"column\">\n\t\t\t<div class=\"elementor-widget-wrap elementor-element-populated\">\n\t\t\t\t\t\t<div class=\"elementor-element elementor-element-94d5b29 elementor-widget elementor-widget-kontasectiontitle\" data-id=\"94d5b29\" data-element_type=\"widget\" data-e-type=\"widget\" data-widget_type=\"kontasectiontitle.default\">\n\t\t\t\t<div class=\"elementor-widget-container\">\n\t\t\t\t\t<div class=\"title-area mb-30\" ><span class=\" sub-title subtitle-selector\"><img decoding=\"async\" src=\"https:\/\/themeholy.com\/wordpress\/konta\/wp-content\/uploads\/2023\/09\/subtitle-img1-1.svg\" alt=\"subtitle img1 1\"  class=\"icon\" \/> A propos de nous<\/span><h2 class=\"sec-title  title-selector\">Des int\u00e9rimaires qualifi\u00e9s et exp\u00e9riment\u00e9s<\/h2><\/div><p class=\"desc-selector\">Atlantis Interim est une entreprise d'int\u00e9rim sp\u00e9cialis\u00e9e dans le placement de travailleurs qualifi\u00e9s roumains en France et \u00e0 travers l'Europe. Forts d'une exp\u00e9rience solide et d'une connaissance approfondie du march\u00e9 du travail europ\u00e9en, nous offrons des solutions sur mesure pour r\u00e9pondre aux besoins sp\u00e9cifiques de divers secteurs d'activit\u00e9.<\/p>\t\t\t\t<\/div>\n\t\t\t\t<\/div>\n\t\t\t\t<div class=\"elementor-element elementor-element-be38a66 elementor-widget elementor-widget-kontafeature\" data-id=\"be38a66\" data-element_type=\"widget\" data-e-type=\"widget\" data-widget_type=\"kontafeature.default\">\n\t\t\t\t<div class=\"elementor-widget-container\">\n\t\t\t\t\t<div class=\"about-grid2\"><div class=\"icon\"><img decoding=\"async\" src=\"https:\/\/themeholy.com\/wordpress\/konta\/wp-content\/uploads\/2023\/09\/about-grid-icon1.svg\" alt=\"about grid icon1\"  \/><\/div><div class=\"about-grid-details\"><h3 class=\"about-grid_title title-selector h6\">Expertise et R\u00e9seau<\/h3><p class=\"desc-selector\">Gr\u00e2ce \u00e0 notre r\u00e9seau \u00e9tendu en Roumanie, nous avons acc\u00e8s \u00e0 un large vivier de travailleurs qualifi\u00e9s et exp\u00e9riment\u00e9s. Nous s\u00e9lectionnons soigneusement nos candidats pour garantir qu&#039;ils r\u00e9pondent aux exigences de nos clients.<\/p><\/div><\/div><div class=\"about-grid2\"><div class=\"icon\"><img decoding=\"async\" src=\"https:\/\/themeholy.com\/wordpress\/konta\/wp-content\/uploads\/2023\/09\/about-grid-icon2.svg\" alt=\"about grid icon2\"  \/><\/div><div class=\"about-grid-details\"><h3 class=\"about-grid_title title-selector h6\">Flexibilit\u00e9<\/h3><p class=\"desc-selector\">Nous offrons des solutions flexibles adapt\u00e9es \u00e0 vos besoins, que ce soit pour des missions courtes, des projets \u00e0 long terme ou des besoins saisonniers. Nous nous adaptons \u00e0 vos contraintes et \u00e0 vos d\u00e9lais.<\/p><\/div><\/div>\t\t\t\t<\/div>\n\t\t\t\t<\/div>\n\t\t\t\t<div class=\"elementor-element elementor-element-61b48b3 elementor-widget elementor-widget-kontabutton\" data-id=\"61b48b3\" data-element_type=\"widget\" data-e-type=\"widget\" data-widget_type=\"kontabutton.default\">\n\t\t\t\t<div class=\"elementor-widget-container\">\n\t\t\t\t\t<!-- Button --><div class=\"btn-wrapper left\"><a class=\"th-btn\" href=\"https:\/\/atlantis-interim.com\/contact\">Demander un devis<i class=\"fa-regular fa-arrow-right ms-2\"><\/i><\/a><\/div><!-- End Button -->\t\t\t\t<\/div>\n\t\t\t\t<\/div>\n\t\t\t\t\t<\/div>\n\t\t<\/div>\n\t\t\t\t\t<\/div>\n\t\t<\/section>\n\t\t\t\t\t<\/div>\n\t\t<\/div>\n\t\t\t\t\t<\/div>\n\t\t<\/section>\n\t\t\t\t<section class=\"elementor-section elementor-top-section elementor-element elementor-element-b4b3aeb elementor-section-full_width elementor-section-height-default elementor-section-height-default\" data-id=\"b4b3aeb\" data-element_type=\"section\" data-e-type=\"section\">\n\t\t\t\t\t\t<div class=\"elementor-container elementor-column-gap-no\">\n\t\t\t\t\t<div class=\"elementor-column elementor-col-100 elementor-top-column elementor-element elementor-element-f03291b\" data-id=\"f03291b\" data-element_type=\"column\" data-e-type=\"column\">\n\t\t\t<div class=\"elementor-widget-wrap elementor-element-populated\">\n\t\t\t\t\t\t<section class=\"elementor-section elementor-inner-section elementor-element elementor-element-df7d9b2 elementor-section-full_width elementor-section-height-default elementor-section-height-default\" data-id=\"df7d9b2\" data-element_type=\"section\" data-e-type=\"section\">\n\t\t\t\t\t\t<div class=\"elementor-container elementor-column-gap-no\">\n\t\t\t\t\t<div class=\"elementor-column elementor-col-100 elementor-inner-column elementor-element elementor-element-5a61228\" data-id=\"5a61228\" data-element_type=\"column\" data-e-type=\"column\">\n\t\t\t<div class=\"elementor-widget-wrap elementor-element-populated\">\n\t\t\t\t\t\t<div class=\"elementor-element elementor-element-c7fc1c9 elementor-widget elementor-widget-kontacounterup\" data-id=\"c7fc1c9\" data-element_type=\"widget\" data-e-type=\"widget\" data-widget_type=\"kontacounterup.default\">\n\t\t\t\t<div class=\"elementor-widget-container\">\n\t\t\t\t\t<div class=\"z-index-common\"><div class=\"container th-container2\"><div class=\"counter-area-4\"><div class=\"row align-items-center justify-content-between\"><div class=\"col-xl-5\"><div class=\"title-area mb-xl-0 text-center text-xl-start mb-50\"><span class=\"sub-title4\">Notre experience<\/span><h2 class=\"sec-title fw-semibold\">Des travailleurs qualifi\u00e9s et exp\u00e9riment\u00e9s<\/h2><a href=\"https:\/\/atlantis-interim.com\/contact\" class=\"th-btn mt-10\">Demander une consultation<i class=\"fa-regular fa-arrow-right ms-2\"><\/i><\/a><\/div><\/div><div class=\"col-xl-7\"><div class=\"counter-wrap4\"><div class=\"row\"><div class=\"col-sm-6 counter-grid-wrap\"><div class=\"counter-grid style4\"><div class=\"counter-grid_icon\"><img decoding=\"async\" src=\"https:\/\/themeholy.com\/wordpress\/konta\/wp-content\/uploads\/2023\/09\/counter-icon4-1.svg\" alt=\"counter icon4 1\"  \/><\/div><div class=\"details\"><h2 class=\"counter-grid_number\"><span class=\"counter-number number-selector\">4<\/span>k<span class=\"text-theme fw-normal\">+<\/span><\/h2><p class=\"counter-grid_text title-selector\">Travailleurs dans le monde<\/p><\/div><\/div><\/div><div class=\"col-sm-6 counter-grid-wrap\"><div class=\"counter-grid style4\"><div class=\"counter-grid_icon\"><img decoding=\"async\" src=\"https:\/\/themeholy.com\/wordpress\/konta\/wp-content\/uploads\/2023\/09\/counter-icon4-2.svg\" alt=\"counter icon4 2\"  \/><\/div><div class=\"details\"><h2 class=\"counter-grid_number\"><span class=\"counter-number number-selector\">3.5<\/span>k<span class=\"text-theme fw-normal\">+<\/span><\/h2><p class=\"counter-grid_text title-selector\">Candidats disponibles<\/p><\/div><\/div><\/div><div class=\"col-sm-6 counter-grid-wrap\"><div class=\"counter-grid style4\"><div class=\"counter-grid_icon\"><img decoding=\"async\" src=\"https:\/\/themeholy.com\/wordpress\/konta\/wp-content\/uploads\/2023\/09\/counter-icon4-3.svg\" alt=\"counter icon4 3\"  \/><\/div><div class=\"details\"><h2 class=\"counter-grid_number\"><span class=\"counter-number number-selector\">100<\/span><span class=\"text-theme fw-normal\"><\/span><\/h2><p class=\"counter-grid_text title-selector\">Les clients sont satisfaits<\/p><\/div><\/div><\/div><\/div><\/div><\/div><\/div><\/div><\/div><\/div>\t\t\t\t<\/div>\n\t\t\t\t<\/div>\n\t\t\t\t\t<\/div>\n\t\t<\/div>\n\t\t\t\t\t<\/div>\n\t\t<\/section>\n\t\t\t\t\t<\/div>\n\t\t<\/div>\n\t\t\t\t\t<\/div>\n\t\t<\/section>\n\t\t\t\t<section class=\"elementor-section elementor-top-section elementor-element elementor-element-f7a2216 elementor-section-full_width elementor-section-height-default elementor-section-height-default\" data-id=\"f7a2216\" data-element_type=\"section\" data-e-type=\"section\" data-settings=\"{&quot;background_background&quot;:&quot;classic&quot;}\">\n\t\t\t\t\t\t<div class=\"elementor-container elementor-column-gap-no\">\n\t\t\t\t\t<div class=\"elementor-column elementor-col-100 elementor-top-column elementor-element elementor-element-55e79f3\" data-id=\"55e79f3\" data-element_type=\"column\" data-e-type=\"column\">\n\t\t\t<div class=\"elementor-widget-wrap elementor-element-populated\">\n\t\t\t\t\t\t<section class=\"elementor-section elementor-inner-section elementor-element elementor-element-e86be88 elementor-section-boxed elementor-section-height-default elementor-section-height-default\" data-id=\"e86be88\" data-element_type=\"section\" data-e-type=\"section\">\n\t\t\t\t\t\t<div class=\"elementor-container elementor-column-gap-no\">\n\t\t\t\t\t<div class=\"elementor-column elementor-col-100 elementor-inner-column elementor-element elementor-element-f0e4ceb\" data-id=\"f0e4ceb\" data-element_type=\"column\" data-e-type=\"column\">\n\t\t\t<div class=\"elementor-widget-wrap elementor-element-populated\">\n\t\t\t\t\t\t<div class=\"elementor-element elementor-element-8e2257d elementor-widget elementor-widget-kontasectiontitle\" data-id=\"8e2257d\" data-element_type=\"widget\" data-e-type=\"widget\" data-widget_type=\"kontasectiontitle.default\">\n\t\t\t\t<div class=\"elementor-widget-container\">\n\t\t\t\t\t<div class=\"title-area mb-md-0\" ><span class=\" sub-title4 subtitle-selector\">Process<\/span><h2 class=\"sec-title fw-semibold title-selector\">Processus de Recrutement <\/h2><\/div>\t\t\t\t<\/div>\n\t\t\t\t<\/div>\n\t\t\t\t\t<\/div>\n\t\t<\/div>\n\t\t\t\t\t<\/div>\n\t\t<\/section>\n\t\t\t\t<section class=\"elementor-section elementor-inner-section elementor-element elementor-element-001c310 elementor-section-boxed elementor-section-height-default elementor-section-height-default\" data-id=\"001c310\" data-element_type=\"section\" data-e-type=\"section\">\n\t\t\t\t\t\t<div class=\"elementor-container elementor-column-gap-no\">\n\t\t\t\t\t<div class=\"elementor-column elementor-col-100 elementor-inner-column elementor-element elementor-element-8577a2d\" data-id=\"8577a2d\" data-element_type=\"column\" data-e-type=\"column\">\n\t\t\t<div class=\"elementor-widget-wrap elementor-element-populated\">\n\t\t\t\t\t\t<div class=\"elementor-element elementor-element-083e7ab elementor-widget elementor-widget-kontaworkprocess\" data-id=\"083e7ab\" data-element_type=\"widget\" data-e-type=\"widget\" data-widget_type=\"kontaworkprocess.default\">\n\t\t\t\t<div class=\"elementor-widget-container\">\n\t\t\t\t\t<div class=\"process-card-area\"><div class=\"row gy-50 justify-content-center\"><div class=\"col-md-6 col-xl-3\"><div class=\"process-card\"><div class=\"process-card_bg-shape\"><img decoding=\"async\" src=\"https:\/\/themeholy.com\/wordpress\/konta\/wp-content\/uploads\/2023\/09\/price_card_bg_1.png\" alt=\"price_card_bg_1\"  \/><\/div><div class=\"process-card_icon\"><img decoding=\"async\" src=\"https:\/\/themeholy.com\/wordpress\/konta\/wp-content\/uploads\/2023\/09\/process-icon-1-1.svg\" alt=\"process icon 1 1\"  \/><\/div><span class=\"process-card_subtitle\">Step - 01<\/span><h4 class=\"process-card_title title-selector\">Analyse et Identification des Besoins<\/h4><p class=\"process-card_text desc-selector\">Fournir une compr\u00e9hension claire et pr\u00e9cise des besoins du client afin de cibler les candidats appropri\u00e9s.<\/p><\/div><\/div><div class=\"col-md-6 col-xl-3\"><div class=\"process-card\"><div class=\"process-card_bg-shape\"><img decoding=\"async\" src=\"https:\/\/themeholy.com\/wordpress\/konta\/wp-content\/uploads\/2023\/09\/price_card_bg_1.png\" alt=\"price_card_bg_1\"  \/><\/div><div class=\"process-card_icon\"><img decoding=\"async\" src=\"https:\/\/themeholy.com\/wordpress\/konta\/wp-content\/uploads\/2023\/09\/process-icon-1-2.svg\" alt=\"process icon 1 2\"  \/><\/div><span class=\"process-card_subtitle\">Step - 02<\/span><h4 class=\"process-card_title title-selector\">Recrutement et S\u00e9lection<\/h4><p class=\"process-card_text desc-selector\">Identifier les meilleurs talents disponibles qui correspondent aux exigences sp\u00e9cifiques du poste et aux attentes du client.<\/p><\/div><\/div><div class=\"col-md-6 col-xl-3\"><div class=\"process-card\"><div class=\"process-card_bg-shape\"><img decoding=\"async\" src=\"https:\/\/themeholy.com\/wordpress\/konta\/wp-content\/uploads\/2023\/09\/price_card_bg_1.png\" alt=\"price_card_bg_1\"  \/><\/div><div class=\"process-card_icon\"><img decoding=\"async\" src=\"https:\/\/themeholy.com\/wordpress\/konta\/wp-content\/uploads\/2023\/09\/process-icon-1-3.svg\" alt=\"process icon 1 3\"  \/><\/div><span class=\"process-card_subtitle\">Step - 03<\/span><h4 class=\"process-card_title title-selector\">Int\u00e9gration et Suivi<\/h4><p class=\"process-card_text desc-selector\">Assurer une transition en douceur pour les nouveaux employ\u00e9s et garantir une satisfaction continue pour les deux parties, employeurs et employ\u00e9s.<\/p><\/div><\/div><\/div><\/div>\t\t\t\t<\/div>\n\t\t\t\t<\/div>\n\t\t\t\t\t<\/div>\n\t\t<\/div>\n\t\t\t\t\t<\/div>\n\t\t<\/section>\n\t\t\t\t\t<\/div>\n\t\t<\/div>\n\t\t\t\t\t<\/div>\n\t\t<\/section>\n\t\t\t\t<\/div>\n\t\t","protected":false},"excerpt":{"rendered":"<p>5+ Ann\u00e9es d&#8217;exp\u00e9riences dans l&#8217;Int\u00e9rim A propos de nous Des int\u00e9rimaires qualifi\u00e9s et exp\u00e9riment\u00e9s Atlantis Interim est une entreprise d&#8217;int\u00e9rim sp\u00e9cialis\u00e9e dans le placement de travailleurs qualifi\u00e9s roumains en France et \u00e0 travers l&#8217;Europe. Forts d&#8217;une exp\u00e9rience solide et d&#8217;une connaissance approfondie du march\u00e9 du travail europ\u00e9en, nous offrons des solutions sur mesure pour r\u00e9pondre&#8230;<\/p>\n","protected":false},"author":1,"featured_media":0,"parent":0,"menu_order":0,"comment_status":"closed","ping_status":"closed","template":"template-builder.php","meta":{"_monsterinsights_skip_tracking":false,"_monsterinsights_sitenote_active":false,"_monsterinsights_sitenote_note":"","_monsterinsights_sitenote_category":0,"footnotes":""},"class_list":["post-2784","page","type-page","status-publish","hentry"],"aioseo_notices":[],"jetpack_sharing_enabled":true,"_links":{"self":[{"href":"https:\/\/atlantis-interim.com\/index.php\/wp-json\/wp\/v2\/pages\/2784","targetHints":{"allow":["GET"]}}],"collection":[{"href":"https:\/\/atlantis-interim.com\/index.php\/wp-json\/wp\/v2\/pages"}],"about":[{"href":"https:\/\/atlantis-interim.com\/index.php\/wp-json\/wp\/v2\/types\/page"}],"author":[{"embeddable":true,"href":"https:\/\/atlantis-interim.com\/index.php\/wp-json\/wp\/v2\/users\/1"}],"replies":[{"embeddable":true,"href":"https:\/\/atlantis-interim.com\/index.php\/wp-json\/wp\/v2\/comments?post=2784"}],"version-history":[{"count":20,"href":"https:\/\/atlantis-interim.com\/index.php\/wp-json\/wp\/v2\/pages\/2784\/revisions"}],"predecessor-version":[{"id":4911,"href":"https:\/\/atlantis-interim.com\/index.php\/wp-json\/wp\/v2\/pages\/2784\/revisions\/4911"}],"wp:attachment":[{"href":"https:\/\/atlantis-interim.com\/index.php\/wp-json\/wp\/v2\/media?parent=2784"}],"curies":[{"name":"wp","href":"https:\/\/api.w.org\/{rel}","templated":true}]}}