{"id":2836,"date":"2023-10-09T09:33:28","date_gmt":"2023-10-09T09:33:28","guid":{"rendered":"https:\/\/themeholy.com\/wordpress\/konta\/?page_id=2836"},"modified":"2024-06-09T14:05:08","modified_gmt":"2024-06-09T12:05:08","slug":"service","status":"publish","type":"page","link":"https:\/\/atlantis-interim.com\/index.php\/service\/","title":{"rendered":"Service"},"content":{"rendered":"\t\t<div data-elementor-type=\"wp-page\" data-elementor-id=\"2836\" class=\"elementor elementor-2836\">\n\t\t\t\t\t\t<section class=\"elementor-section elementor-top-section elementor-element elementor-element-54a3422 elementor-section-full_width elementor-section-height-default elementor-section-height-default\" data-id=\"54a3422\" data-element_type=\"section\" data-e-type=\"section\" data-settings=\"{&quot;background_background&quot;:&quot;classic&quot;}\">\n\t\t\t\t\t\t<div class=\"elementor-container elementor-column-gap-no\">\n\t\t\t\t\t<div class=\"elementor-column elementor-col-100 elementor-top-column elementor-element elementor-element-5e81c34\" data-id=\"5e81c34\" data-element_type=\"column\" data-e-type=\"column\">\n\t\t\t<div class=\"elementor-widget-wrap elementor-element-populated\">\n\t\t\t\t\t\t<section class=\"elementor-section elementor-inner-section elementor-element elementor-element-238fb11 elementor-section-boxed elementor-section-height-default elementor-section-height-default\" data-id=\"238fb11\" data-element_type=\"section\" data-e-type=\"section\">\n\t\t\t\t\t\t<div class=\"elementor-container elementor-column-gap-no\">\n\t\t\t\t\t<div class=\"elementor-column elementor-col-100 elementor-inner-column elementor-element elementor-element-243f740\" data-id=\"243f740\" data-element_type=\"column\" data-e-type=\"column\">\n\t\t\t<div class=\"elementor-widget-wrap elementor-element-populated\">\n\t\t\t\t\r\n\t\t<div class=\"elementor-element elementor-element-b6a3003 elementor-widget elementor-widget-kontasectiontitle\" data-id=\"b6a3003\" data-element_type=\"widget\" data-e-type=\"widget\" data-widget_type=\"kontasectiontitle.default\">\n\t\t\t\t<div class=\"elementor-widget-container\">\n\t\t\t\t\t<div class=\"title-area mb-md-0\" ><span class=\" sub-title2 subtitle-selector\"><img decoding=\"async\" src=\"https:\/\/themeholy.com\/wordpress\/konta\/wp-content\/uploads\/2023\/09\/subtitle-img2-1.svg\" alt=\"subtitle img2 1\"  class=\"icon\" \/>Domaines d'int\u00e9rim<\/span><h2 class=\"sec-title  title-selector\">Nos Secteurs d'Intervention<\/h2><\/div>\t\t\t\t<\/div>\n\t\t\t\t<\/div>\n\t\t\t\t\t<\/div>\n\t\t<\/div>\n\t\t\t\t\t<\/div>\n\t\t<\/section>\n\t\t\t\t<section class=\"elementor-section elementor-inner-section elementor-element elementor-element-93a2008 elementor-section-boxed elementor-section-height-default elementor-section-height-default\" data-id=\"93a2008\" data-element_type=\"section\" data-e-type=\"section\">\n\t\t\t\t\t\t<div class=\"elementor-container elementor-column-gap-no\">\n\t\t\t\t\t<div class=\"elementor-column elementor-col-100 elementor-inner-column elementor-element elementor-element-f30d1b0\" data-id=\"f30d1b0\" data-element_type=\"column\" data-e-type=\"column\">\n\t\t\t<div class=\"elementor-widget-wrap elementor-element-populated\">\n\t\t\t\t\t\t<div class=\"elementor-element elementor-element-9f3bd9a elementor-widget elementor-widget-kontaservice\" data-id=\"9f3bd9a\" data-element_type=\"widget\" data-e-type=\"widget\" data-widget_type=\"kontaservice.default\">\n\t\t\t\t<div class=\"elementor-widget-container\">\n\t\t\t\t\t<div class=\"row gy-4\"><div class=\"col-md-6 col-lg-4\"><div class=\"service-card style2\"><div class=\"service-card-bg-img\" data-bg-src=\"https:\/\/themeholy.com\/wordpress\/konta\/wp-content\/uploads\/2023\/09\/service-2-1.png\"><\/div><div class=\"service-content\"><div class=\"service-card-icon\"><img decoding=\"async\" src=\"https:\/\/themeholy.com\/wordpress\/konta\/wp-content\/uploads\/2023\/09\/service-icon-2-1.svg\" alt=\"service icon 2 1\"  \/><\/div><h3 class=\"box-title title-selector\"><a href=\"https:\/\/atlantis-interim.com\/index.php\/all-services\/interimaires-travaux-publics-et-construction\">Travaux Publics<\/a><\/h3><div class=\"service-card-number\"> 01 <\/div><\/div><p class=\"service-card-text desc-selector\">Dans les secteurs des travaux publics et de la construction, nous fournissons des <a href=\"https:\/\/atlantis-interim.com\/index.php\/2025\/02\/17\/les-ouvriers-roumains-dans-lagriculture-biologique-un-levier-pour-une-production-durable-en-europe\/\" data-internallinksmanager029f6b8e52c=\"25\" title=\"ouvriers\">ouvriers<\/a> qualifi\u00e9s, des ing\u00e9nieurs et des techniciens capables de travailler sur des projets de toute envergure. Nos travailleurs sont form\u00e9s aux derni\u00e8res normes de s\u00e9curit\u00e9 ...<\/p><a class=\"th-btn style10\" href=\"https:\/\/atlantis-interim.com\/index.php\/all-services\/interimaires-travaux-publics-et-construction\">En savoir plus  <i class=\"fas fa-arrow-right ms-1\"><\/i><\/a><div class=\"service-card-shape \"><img decoding=\"async\" src=\"https:\/\/themeholy.com\/wordpress\/konta\/wp-content\/uploads\/2023\/09\/service-card-bg-2-1.png\" alt=\"service card bg 2 1\"  \/><\/div><\/div><\/div><div class=\"col-md-6 col-lg-4\"><div class=\"service-card style2\"><div class=\"service-card-bg-img\" data-bg-src=\"https:\/\/themeholy.com\/wordpress\/konta\/wp-content\/uploads\/2023\/09\/service-2-1.png\"><\/div><div class=\"service-content\"><div class=\"service-card-icon\"><img decoding=\"async\" src=\"https:\/\/themeholy.com\/wordpress\/konta\/wp-content\/uploads\/2023\/09\/service-icon-2-2.svg\" alt=\"service icon 2 2\"  \/><\/div><h3 class=\"box-title title-selector\"><a href=\"https:\/\/atlantis-interim.com\/index.php\/all-services\/interimaire-en-industrie\">Industrie<\/a><\/h3><div class=\"service-card-number\"> 02 <\/div><\/div><p class=\"service-card-text desc-selector\">Nous pla\u00e7ons des professionnels de l&#039;industrie, notamment des op\u00e9rateurs de machines, des techniciens de maintenance et des ing\u00e9nieurs de production. Nos <a href=\"https:\/\/atlantis-interim.com\/index.php\/2025\/02\/25\/les-conditions-de-travail-des-interimaires-roumains-dans-lindustrie-realites-et-defis\/\" data-internallinksmanager029f6b8e52c=\"26\" title=\"int\u00e9rimaires\">int\u00e9rimaires<\/a> sont form\u00e9s pour s&#039;adapter rapidement aux besoins sp\u00e9cifiques de chaque entreprise.<\/p><a class=\"th-btn style10\" href=\"https:\/\/atlantis-interim.com\/index.php\/all-services\/interimaire-en-industrie\">En savoir plus <i class=\"fas fa-arrow-right ms-1\"><\/i><\/a><div class=\"service-card-shape \"><img decoding=\"async\" src=\"https:\/\/themeholy.com\/wordpress\/konta\/wp-content\/uploads\/2023\/09\/service-card-bg-2-1.png\" alt=\"service card bg 2 1\"  \/><\/div><\/div><\/div><div class=\"col-md-6 col-lg-4\"><div class=\"service-card style2\"><div class=\"service-card-bg-img\" data-bg-src=\"https:\/\/themeholy.com\/wordpress\/konta\/wp-content\/uploads\/2023\/09\/service-2-1.png\"><\/div><div class=\"service-content\"><div class=\"service-card-icon\"><img decoding=\"async\" src=\"https:\/\/themeholy.com\/wordpress\/konta\/wp-content\/uploads\/2023\/09\/service-icon-2-3.svg\" alt=\"service icon 2 3\"  \/><\/div><h3 class=\"box-title title-selector\"><a href=\"https:\/\/atlantis-interim.com\/index.php\/all-services\/interimaire-dans-la-distribution\">Distribution<\/a><\/h3><div class=\"service-card-number\"> 03 <\/div><\/div><p class=\"service-card-text desc-selector\">Pour le secteur de la distribution, nous offrons des profils vari\u00e9s tels que des manutentionnaires, des pr\u00e9parateurs de commandes et des logisticiens. Nos <a href=\"https:\/\/atlantis-interim.com\/index.php\/2024\/06\/14\/les-droits-des-travailleurs-roumains-detaches-en-matiere-de-sante-et-securite-au-travail\/\" data-internallinksmanager029f6b8e52c=\"4\" title=\"Travailleurs roumains\">travailleurs roumains<\/a> apportent leur rigueur et leur efficacit\u00e9 pour optimiser la cha\u00eene d&#039;approvisionnement.<\/p><a class=\"th-btn style10\" href=\"https:\/\/atlantis-interim.com\/index.php\/all-services\/interimaire-dans-la-distribution\">En savoir Plus <i class=\"fas fa-arrow-right ms-1\"><\/i><\/a><div class=\"service-card-shape \"><img decoding=\"async\" src=\"https:\/\/themeholy.com\/wordpress\/konta\/wp-content\/uploads\/2023\/09\/service-card-bg-2-1.png\" alt=\"service card bg 2 1\"  \/><\/div><\/div><\/div><div class=\"col-md-6 col-lg-4\"><div class=\"service-card style2\"><div class=\"service-card-bg-img\" data-bg-src=\"https:\/\/themeholy.com\/wordpress\/konta\/wp-content\/uploads\/2023\/09\/service-2-1.png\"><\/div><div class=\"service-content\"><div class=\"service-card-icon\"><img decoding=\"async\" src=\"https:\/\/themeholy.com\/wordpress\/konta\/wp-content\/uploads\/2023\/09\/service-icon-2-1.svg\" alt=\"service icon 2 1\"  \/><\/div><h3 class=\"box-title title-selector\"><a href=\"https:\/\/atlantis-interim.com\/index.php\/all-services\/interimaire-dans-agriculture\">Agriculture<\/a><\/h3><div class=\"service-card-number\"> 04 <\/div><\/div><p class=\"service-card-text desc-selector\">Dans le domaine agricole, nous fournissons des travailleurs saisonniers pour les r\u00e9coltes, la plantation et l&#039;entretien des cultures. <\/p><a class=\"th-btn style10\" href=\"https:\/\/atlantis-interim.com\/index.php\/all-services\/interimaire-dans-agriculture\">En savoir plus <i class=\"fas fa-arrow-right ms-1\"><\/i><\/a><div class=\"service-card-shape \"><img decoding=\"async\" src=\"https:\/\/themeholy.com\/wordpress\/konta\/wp-content\/uploads\/2023\/09\/service-card-bg-2-1.png\" alt=\"service card bg 2 1\"  \/><\/div><\/div><\/div><div class=\"col-md-6 col-lg-4\"><div class=\"service-card style2\"><div class=\"service-card-bg-img\" data-bg-src=\"https:\/\/themeholy.com\/wordpress\/konta\/wp-content\/uploads\/2023\/09\/service-2-1.png\"><\/div><div class=\"service-content\"><div class=\"service-card-icon\"><img decoding=\"async\" src=\"https:\/\/themeholy.com\/wordpress\/konta\/wp-content\/uploads\/2023\/09\/service-icon-2-2.svg\" alt=\"service icon 2 2\"  \/><\/div><h3 class=\"box-title title-selector\"><a href=\"https:\/\/atlantis-interim.com\/index.php\/all-services\/interimaire-dans-la-sante\">Sant\u00e9<\/a><\/h3><div class=\"service-card-number\"> 05 <\/div><\/div><p class=\"service-card-text desc-selector\">Le secteur de la sant\u00e9 b\u00e9n\u00e9ficie de notre r\u00e9seau de professionnels de la sant\u00e9, y compris des infirmi\u00e8res, des aides-soignants et des techniciens m\u00e9dicaux. <\/p><a class=\"th-btn style10\" href=\"https:\/\/atlantis-interim.com\/index.php\/all-services\/interimaire-dans-la-sante\">En savoir plus <i class=\"fas fa-arrow-right ms-1\"><\/i><\/a><div class=\"service-card-shape \"><img decoding=\"async\" src=\"https:\/\/themeholy.com\/wordpress\/konta\/wp-content\/uploads\/2023\/09\/service-card-bg-2-1.png\" alt=\"service card bg 2 1\"  \/><\/div><\/div><\/div><div class=\"col-md-6 col-lg-4\"><div class=\"service-card style2\"><div class=\"service-card-bg-img\" data-bg-src=\"https:\/\/themeholy.com\/wordpress\/konta\/wp-content\/uploads\/2023\/09\/service-2-1.png\"><\/div><div class=\"service-content\"><div class=\"service-card-icon\"><img decoding=\"async\" src=\"https:\/\/atlantis-interim.com\/wp-content\/uploads\/2024\/03\/service_3_1.svg\" alt=\"service_3_1\"  \/><\/div><h3 class=\"box-title title-selector\"><a href=\"https:\/\/atlantis-interim.com\/index.php\/all-services\/interimaires-travaux-publics-et-construction\"> Construction<\/a><\/h3><div class=\"service-card-number\"> 06 <\/div><\/div><p class=\"service-card-text desc-selector\">Dans les secteurs des travaux publics et de la construction, nous fournissons des <a href=\"https:\/\/atlantis-interim.com\/index.php\/2025\/02\/17\/les-ouvriers-roumains-dans-lagriculture-biologique-un-levier-pour-une-production-durable-en-europe\/\" data-internallinksmanager029f6b8e52c=\"25\" title=\"ouvriers\">ouvriers<\/a> qualifi\u00e9s, des ing\u00e9nieurs et des techniciens capables de travailler...<\/p><a class=\"th-btn style10\" href=\"https:\/\/atlantis-interim.com\/index.php\/all-services\/interimaires-travaux-publics-et-construction\">En savoir plus <i class=\"fas fa-arrow-right ms-1\"><\/i><\/a><div class=\"service-card-shape \"><img decoding=\"async\" src=\"https:\/\/themeholy.com\/wordpress\/konta\/wp-content\/uploads\/2023\/09\/service-card-bg-2-1.png\" alt=\"service card bg 2 1\"  \/><\/div><\/div><\/div><\/div>\t\t\t\t<\/div>\n\t\t\t\t<\/div>\n\t\t\t\t\t<\/div>\n\t\t<\/div>\n\t\t\t\t\t<\/div>\n\t\t<\/section>\n\t\t\t\t\t<\/div>\n\t\t<\/div>\n\t\t\t\t\t<\/div>\n\t\t<\/section>\n\t\t\t\t<section class=\"elementor-section elementor-top-section elementor-element elementor-element-55a4fb5 elementor-section-full_width elementor-section-height-default elementor-section-height-default\" data-id=\"55a4fb5\" data-element_type=\"section\" data-e-type=\"section\" data-settings=\"{&quot;background_background&quot;:&quot;classic&quot;}\">\n\t\t\t\t\t\t<div class=\"elementor-container elementor-column-gap-no\">\n\t\t\t\t\t<div class=\"elementor-column elementor-col-100 elementor-top-column elementor-element elementor-element-ae83aea\" data-id=\"ae83aea\" data-element_type=\"column\" data-e-type=\"column\">\n\t\t\t<div class=\"elementor-widget-wrap elementor-element-populated\">\n\t\t\t\t\t\t<div class=\"shape-mockup-area elementor-element elementor-element-e2ab61b elementor-hidden-tablet elementor-hidden-mobile elementor-widget elementor-widget-kontashapeimage\" data-id=\"e2ab61b\" data-element_type=\"widget\" data-e-type=\"widget\" data-widget_type=\"kontashapeimage.default\">\n\t\t\t\t<div class=\"elementor-widget-container\">\n\t\t\t\t\t<!-- Image --><div class=\"shape-mockup   contact-thumb1\"><img decoding=\"async\" src=\"https:\/\/themeholy.com\/wordpress\/konta\/wp-content\/uploads\/2023\/10\/contact_thumb1.png\" alt=\"atlantis-interim.com\" ><\/div><!-- End Image -->\t\t\t\t<\/div>\n\t\t\t\t<\/div>\n\t\t\t\t<section class=\"elementor-section elementor-inner-section elementor-element elementor-element-a01f73c elementor-section-full_width elementor-section-height-default elementor-section-height-default\" data-id=\"a01f73c\" data-element_type=\"section\" data-e-type=\"section\">\n\t\t\t\t\t\t<div class=\"elementor-container elementor-column-gap-no\">\n\t\t\t\t\t<div class=\"elementor-column elementor-col-50 elementor-inner-column elementor-element elementor-element-a39aeaa\" data-id=\"a39aeaa\" data-element_type=\"column\" data-e-type=\"column\">\n\t\t\t<div class=\"elementor-widget-wrap elementor-element-populated\">\n\t\t\t\t\t\t<div class=\"elementor-element elementor-element-dcbf8ef elementor-hidden-desktop elementor-widget elementor-widget-kontaimage\" data-id=\"dcbf8ef\" data-element_type=\"widget\" data-e-type=\"widget\" data-widget_type=\"kontaimage.default\">\n\t\t\t\t<div class=\"elementor-widget-container\">\n\t\t\t\t\t<!-- Image --><div class=\"custom_css_handelar \"><img decoding=\"async\" class=\"\" src=\"https:\/\/atlantis-interim.com\/wp-content\/uploads\/2023\/10\/contact_thumb1.png\" alt=\"contact_thumb1\" ><\/div><!-- End Image -->\t\t\t\t<\/div>\n\t\t\t\t<\/div>\n\t\t\t\t\t<\/div>\n\t\t<\/div>\n\t\t\t\t<div class=\"elementor-column elementor-col-50 elementor-inner-column elementor-element elementor-element-af55fba\" data-id=\"af55fba\" data-element_type=\"column\" data-e-type=\"column\">\n\t\t\t<div class=\"elementor-widget-wrap elementor-element-populated\">\n\t\t\t\t\t\t<div class=\"elementor-element elementor-element-56a6561 elementor-widget elementor-widget-kontasectiontitle\" data-id=\"56a6561\" data-element_type=\"widget\" data-e-type=\"widget\" data-widget_type=\"kontasectiontitle.default\">\n\t\t\t\t<div class=\"elementor-widget-container\">\n\t\t\t\t\t<div class=\"title-area mb-30\" ><span class=\" sub-title2 subtitle-selector\"><img decoding=\"async\" src=\"https:\/\/themeholy.com\/wordpress\/konta\/wp-content\/uploads\/2023\/09\/subtitle-img2-1.svg\" alt=\"subtitle img2 1\"  class=\"icon\" \/>Demander un devis<\/span><h2 class=\"sec-title  title-selector\">Nous pla\u00e7ons des professionnels<\/h2><\/div><p class=\"desc-selector\">Atlantis Interim est votre partenaire de confiance pour le <a href=\"https:\/\/atlantis-interim.com\/\" data-internallinksmanager029f6b8e52c=\"23\" title=\"recrutement\">recrutement<\/a> de <a href=\"https:\/\/atlantis-interim.com\/index.php\/2024\/06\/14\/les-droits-des-travailleurs-roumains-detaches-en-matiere-de-sante-et-securite-au-travail\/\" data-internallinksmanager029f6b8e52c=\"4\" title=\"Travailleurs roumains\">travailleurs roumains<\/a> en France et en Europe. Nous nous engageons \u00e0 fournir des solutions de qualit\u00e9, adapt\u00e9es \u00e0 vos besoins sp\u00e9cifiques, et \u00e0 contribuer \u00e0 la r\u00e9ussite de vos projets.<\/p>\t\t\t\t<\/div>\n\t\t\t\t<\/div>\n\t\t\t\t<div class=\"elementor-element elementor-element-42c1ba3 elementor-widget elementor-widget-kontacontactform\" data-id=\"42c1ba3\" data-element_type=\"widget\" data-e-type=\"widget\" data-widget_type=\"kontacontactform.default\">\n\t\t\t\t<div class=\"elementor-widget-container\">\n\t\t\t\t\t<div class=\"contact-wrap1\"><div class=\"contact-form-wrap\">\n<div class=\"wpcf7 no-js\" id=\"wpcf7-f1176-o1\" lang=\"en-US\" dir=\"ltr\" data-wpcf7-id=\"1176\">\n<div class=\"screen-reader-response\"><p role=\"status\" aria-live=\"polite\" aria-atomic=\"true\"><\/p> <ul><\/ul><\/div>\n<form action=\"\/index.php\/wp-json\/wp\/v2\/pages\/2836#wpcf7-f1176-o1\" method=\"post\" class=\"wpcf7-form init\" aria-label=\"Contact form\" novalidate=\"novalidate\" data-status=\"init\">\n<fieldset class=\"hidden-fields-container\"><input type=\"hidden\" name=\"_wpcf7\" value=\"1176\" \/><input type=\"hidden\" name=\"_wpcf7_version\" value=\"6.1.5\" \/><input type=\"hidden\" name=\"_wpcf7_locale\" value=\"en_US\" \/><input type=\"hidden\" name=\"_wpcf7_unit_tag\" value=\"wpcf7-f1176-o1\" \/><input type=\"hidden\" name=\"_wpcf7_container_post\" value=\"0\" \/><input type=\"hidden\" name=\"_wpcf7_posted_data_hash\" value=\"\" \/>\n<\/fieldset>\n<div class=\"contact-form\">\n    <div class=\"row\">\n        <div class=\"col-md-6\">\n            <div class=\"form-group\">\n                <span class=\"wpcf7-form-control-wrap\" data-name=\"text-898\"><input size=\"40\" maxlength=\"400\" class=\"wpcf7-form-control wpcf7-text wpcf7-validates-as-required form-control\" id=\"text-898\" aria-required=\"true\" aria-invalid=\"false\" placeholder=\"Nom et prenom*\" value=\"\" type=\"text\" name=\"text-898\" \/><\/span><i class=\"fal fa-user\"><\/i>\n            <\/div>\n        <\/div>\n        <div class=\"col-md-6\">\n            <div class=\"form-group\">\n                <span class=\"wpcf7-form-control-wrap\" data-name=\"email-432\"><input size=\"40\" maxlength=\"400\" class=\"wpcf7-form-control wpcf7-email wpcf7-validates-as-required wpcf7-text wpcf7-validates-as-email form-control\" id=\"email-432\" aria-required=\"true\" aria-invalid=\"false\" placeholder=\"Email*\" value=\"\" type=\"email\" name=\"email-432\" \/><\/span><i class=\"fal fa-envelope\"><\/i>\n            <\/div>\n        <\/div>\n        <div class=\"col-md-6\">\n            <div class=\"form-group\">\n                <span class=\"wpcf7-form-control-wrap\" data-name=\"menu-80\"><select class=\"wpcf7-form-control wpcf7-select nice-select form-select\" id=\"menu-80\" aria-invalid=\"false\" name=\"menu-80\"><option value=\"Interimaire d\u00e9tach\u00e9\">Interimaire d\u00e9tach\u00e9<\/option><option value=\"Travailleur temporaire\"><a href=\"https:\/\/atlantis-interim.com\/index.php\/2024\/12\/30\/processus-de-recrutement-pour-un-travailleur-detache-roumain-en-europe\/\" data-internallinksmanager029f6b8e52c=\"17\" title=\"travailleur temporaire\">Travailleur temporaire<\/a><\/option><option value=\"Autres\">Autres<\/option><\/select><\/span>\n            <\/div>\n        <\/div>\n        <div class=\"col-md-6\">\n            <div class=\"form-group\">\n                <span class=\"wpcf7-form-control-wrap\" data-name=\"tel-602\"><input size=\"40\" maxlength=\"400\" class=\"wpcf7-form-control wpcf7-tel wpcf7-validates-as-required wpcf7-text wpcf7-validates-as-tel form-control\" id=\"tel-602\" aria-required=\"true\" aria-invalid=\"false\" value=\"Telephone*\" type=\"tel\" name=\"tel-602\" \/><\/span><i class=\"fal fa-phone\"><\/i>\n            <\/div>\n        <\/div>\n        <div class=\"col-12\">\n            <div class=\"form-group \">\n                <span class=\"wpcf7-form-control-wrap\" data-name=\"textarea-922\"><textarea cols=\"40\" rows=\"10\" maxlength=\"2000\" class=\"wpcf7-form-control wpcf7-textarea wpcf7-validates-as-required form-control\" id=\"textarea-922\" aria-required=\"true\" aria-invalid=\"false\" placeholder=\"Votre message*\" name=\"textarea-922\"><\/textarea><\/span><i class=\"fal fa-pen\"><\/i>\n            <\/div>\n        <\/div>\n        <div class=\"form-btn col-12\">\n            <button class=\"th-btn w-100 wpcf7\">Envoyer le Message<i class=\"fas fa-long-arrow-right ms-2\"><\/i><\/button>\n        <\/div>\n    <\/div>\n    <p class=\"form-messages mb-0 mt-3\"><\/p>\n<\/div><div class=\"wpcf7-response-output\" aria-hidden=\"true\"><\/div>\n<\/form>\n<\/div>\n<\/div><div class=\"newsletter-card bg-title\"><div class=\"title-wrap\">\n<div class=\"icon\"><img decoding=\"async\" src=\"https:\/\/themeholy.com\/wordpress\/konta\/wp-content\/uploads\/2023\/10\/envelope-icon.svg\" alt=\"img\" \/><\/div>\n<div class=\"details\">\n\n<span class=\"sub-title\">Votre email<\/span>\n<h3 class=\"title text-white\">Consultation<\/h3>\n<\/div>\n<\/div>\n<p class=\"content\">Laissez nous votre Email et nous vous contacterons*<\/p>\n\n<form class=\"newsletter-form form-group mb-4\"><input class=\"form-control\" required=\"\" type=\"email\" placeholder=\"Votre Email\" \/>\n<button class=\"th-btn style3\" type=\"submit\"><i class=\"fas fa-paper-plane ms-1\"><\/i><\/button><\/form>\n<div class=\"contact-feature\">\n<div class=\"contact-feature-icon\"><\/div>\n<div class=\"media-body\">\n<p class=\"contact-feature_label\">Appler:<\/p>\n<a class=\"contact-feature_link\" href=\"tel:0040785619859\">0040785619859<\/a>\n\n<\/div>\n<\/div><\/div><\/div>\t\t\t\t<\/div>\n\t\t\t\t<\/div>\n\t\t\t\t\t<\/div>\n\t\t<\/div>\n\t\t\t\t\t<\/div>\n\t\t<\/section>\n\t\t\t\t\t<\/div>\n\t\t<\/div>\n\t\t\t\t\t<\/div>\n\t\t<\/section>\n\t\t\t\t<\/div>\n\t\t","protected":false},"excerpt":{"rendered":"<p>Domaines d&#8217;int\u00e9rim Nos Secteurs d&#8217;Intervention Travaux Publics 01 Dans les secteurs des travaux publics et de la construction, nous fournissons des ouvriers qualifi\u00e9s, des ing\u00e9nieurs et des techniciens capables de travailler sur des projets de toute envergure. Nos travailleurs sont form\u00e9s aux derni\u00e8res normes de s\u00e9curit\u00e9 &#8230; En savoir plus Industrie 02 Nous pla\u00e7ons des&#8230;<\/p>\n","protected":false},"author":1,"featured_media":0,"parent":0,"menu_order":0,"comment_status":"closed","ping_status":"closed","template":"template-builder.php","meta":{"_monsterinsights_skip_tracking":false,"_monsterinsights_sitenote_active":false,"_monsterinsights_sitenote_note":"","_monsterinsights_sitenote_category":0,"footnotes":""},"class_list":["post-2836","page","type-page","status-publish","hentry"],"aioseo_notices":[],"jetpack_sharing_enabled":true,"_links":{"self":[{"href":"https:\/\/atlantis-interim.com\/index.php\/wp-json\/wp\/v2\/pages\/2836","targetHints":{"allow":["GET"]}}],"collection":[{"href":"https:\/\/atlantis-interim.com\/index.php\/wp-json\/wp\/v2\/pages"}],"about":[{"href":"https:\/\/atlantis-interim.com\/index.php\/wp-json\/wp\/v2\/types\/page"}],"author":[{"embeddable":true,"href":"https:\/\/atlantis-interim.com\/index.php\/wp-json\/wp\/v2\/users\/1"}],"replies":[{"embeddable":true,"href":"https:\/\/atlantis-interim.com\/index.php\/wp-json\/wp\/v2\/comments?post=2836"}],"version-history":[{"count":34,"href":"https:\/\/atlantis-interim.com\/index.php\/wp-json\/wp\/v2\/pages\/2836\/revisions"}],"predecessor-version":[{"id":5001,"href":"https:\/\/atlantis-interim.com\/index.php\/wp-json\/wp\/v2\/pages\/2836\/revisions\/5001"}],"wp:attachment":[{"href":"https:\/\/atlantis-interim.com\/index.php\/wp-json\/wp\/v2\/media?parent=2836"}],"curies":[{"name":"wp","href":"https:\/\/api.w.org\/{rel}","templated":true}]}}